{"id":54,"date":"2019-06-05T16:50:40","date_gmt":"2019-06-05T16:50:40","guid":{"rendered":"https:\/\/achtsamkeit-erfahren.de\/?page_id=54"},"modified":"2019-07-18T15:12:03","modified_gmt":"2019-07-18T15:12:03","slug":"ueber-mich","status":"publish","type":"page","link":"https:\/\/achtsamkeit-erfahren.de\/?page_id=54","title":{"rendered":"\u00dcber mich"},"content":{"rendered":"\t\t<div data-elementor-type=\"wp-post\" data-elementor-id=\"54\" class=\"elementor elementor-54\">\n\t\t\t\t\t\t<section class=\"elementor-section elementor-top-section elementor-element elementor-element-5327f26 elementor-section-boxed elementor-section-height-default elementor-section-height-default\" data-id=\"5327f26\" data-element_type=\"section\" data-e-type=\"section\">\n\t\t\t\t\t\t<div class=\"elementor-container elementor-column-gap-default\">\n\t\t\t\t\t<div class=\"elementor-column elementor-col-100 elementor-top-column elementor-element elementor-element-ff8caaa\" data-id=\"ff8caaa\" data-element_type=\"column\" data-e-type=\"column\">\n\t\t\t<div class=\"elementor-widget-wrap elementor-element-populated\">\n\t\t\t\t\t\t<div class=\"elementor-element elementor-element-a62d943 elementor-widget elementor-widget-heading\" data-id=\"a62d943\" data-element_type=\"widget\" data-e-type=\"widget\" data-widget_type=\"heading.default\">\n\t\t\t\t<div class=\"elementor-widget-container\">\n\t\t\t\t\t<h2 class=\"elementor-heading-title elementor-size-default\">Frank Hofmann<\/h2>\t\t\t\t<\/div>\n\t\t\t\t<\/div>\n\t\t\t\t<section class=\"elementor-section elementor-inner-section elementor-element elementor-element-7b3762e elementor-section-boxed elementor-section-height-default elementor-section-height-default\" data-id=\"7b3762e\" data-element_type=\"section\" data-e-type=\"section\">\n\t\t\t\t\t\t<div class=\"elementor-container elementor-column-gap-default\">\n\t\t\t\t\t<div class=\"elementor-column elementor-col-50 elementor-inner-column elementor-element elementor-element-09b9e9d\" data-id=\"09b9e9d\" data-element_type=\"column\" data-e-type=\"column\">\n\t\t\t<div class=\"elementor-widget-wrap elementor-element-populated\">\n\t\t\t\t\t\t<div class=\"elementor-element elementor-element-89feec8 elementor-widget elementor-widget-text-editor\" data-id=\"89feec8\" data-element_type=\"widget\" data-e-type=\"widget\" data-widget_type=\"text-editor.default\">\n\t\t\t\t<div class=\"elementor-widget-container\">\n\t\t\t\t\t\t\t\t\t<hr \/><p>Ich stehe mitten imLeben:<\/p><p>&#8211; Bin <strong>MBSR Lehrer<\/strong> (Ausbildung am Institut f\u00fcr Achtsamkeit und Stressbew\u00e4ltigung)<\/p><p>&#8212; Bin <strong>Fachkraft f\u00fcr Betriebliches Gesundheitsmanagement<\/strong> (DEKRA)<\/p><p>&#8211; Bin <strong>Fachkraft f\u00fcr Arbeitssicherheit\u00a0<\/strong><\/p><p>&#8211; Habe &gt;20 Jahre als <strong>Entwicklungsingenieur<\/strong> (Dipl. Ing. Physikalische Technik) gearbeitet<\/p><p>&#8211; Habe eine tolle <strong>Familie<\/strong> (mit zwei S\u00f6hnen)<\/p><p>&#8211; Habe einen gef\u00fcllten <strong>Alltag<\/strong><\/p><p>&#8211; Habe graue Schl\u00e4fen (<strong>50 Jahre<\/strong> alt)<\/p>\t\t\t\t\t\t\t\t<\/div>\n\t\t\t\t<\/div>\n\t\t\t\t\t<\/div>\n\t\t<\/div>\n\t\t\t\t<div class=\"elementor-column elementor-col-50 elementor-inner-column elementor-element elementor-element-0a05e9a\" data-id=\"0a05e9a\" data-element_type=\"column\" data-e-type=\"column\">\n\t\t\t<div class=\"elementor-widget-wrap elementor-element-populated\">\n\t\t\t\t\t\t<div class=\"elementor-element elementor-element-e53f2ef elementor-widget elementor-widget-image\" data-id=\"e53f2ef\" data-element_type=\"widget\" data-e-type=\"widget\" data-widget_type=\"image.default\">\n\t\t\t\t<div class=\"elementor-widget-container\">\n\t\t\t\t\t\t\t\t\t\t\t\t\t\t\t<img fetchpriority=\"high\" decoding=\"async\" width=\"591\" height=\"827\" src=\"https:\/\/achtsamkeit-erfahren.de\/wp-content\/uploads\/2019\/06\/BGM-bKLEIN.jpg\" class=\"attachment-large size-large wp-image-74\" alt=\"\" srcset=\"https:\/\/achtsamkeit-erfahren.de\/wp-content\/uploads\/2019\/06\/BGM-bKLEIN.jpg 591w, https:\/\/achtsamkeit-erfahren.de\/wp-content\/uploads\/2019\/06\/BGM-bKLEIN-214x300.jpg 214w\" sizes=\"(max-width: 591px) 100vw, 591px\" \/>\t\t\t\t\t\t\t\t\t\t\t\t\t\t\t<\/div>\n\t\t\t\t<\/div>\n\t\t\t\t\t<\/div>\n\t\t<\/div>\n\t\t\t\t\t<\/div>\n\t\t<\/section>\n\t\t\t\t\t<\/div>\n\t\t<\/div>\n\t\t\t\t\t<\/div>\n\t\t<\/section>\n\t\t\t\t<section class=\"elementor-section elementor-top-section elementor-element elementor-element-9887f5e elementor-section-boxed elementor-section-height-default elementor-section-height-default\" data-id=\"9887f5e\" data-element_type=\"section\" data-e-type=\"section\">\n\t\t\t\t\t\t<div class=\"elementor-container elementor-column-gap-default\">\n\t\t\t\t\t<div class=\"elementor-column elementor-col-100 elementor-top-column elementor-element elementor-element-ceb91de\" data-id=\"ceb91de\" data-element_type=\"column\" data-e-type=\"column\">\n\t\t\t<div class=\"elementor-widget-wrap elementor-element-populated\">\n\t\t\t\t\t\t<div class=\"elementor-element elementor-element-d4df22a elementor-widget elementor-widget-text-editor\" data-id=\"d4df22a\" data-element_type=\"widget\" data-e-type=\"widget\" data-widget_type=\"text-editor.default\">\n\t\t\t\t<div class=\"elementor-widget-container\">\n\t\t\t\t\t\t\t\t\t<p>Ich lebe nicht in einer achtsamen Parallelwelt sondern mitten unter den Menschen \u2013 der ganz normale Wahnsinn eben, mit allen Hochs und Tiefs, die das Leben bietet &#8230;<\/p><p>Ich schwebe nicht \u00fcber dem Boden und ich kann auch nicht hellsehen.<\/p><p><strong>ABER<\/strong> &#8211; nachdem ich vor vielen Jahren selbst einen MBSR Kurs besucht habe, hat sich mein Leben ein gro\u00dfes St\u00fcck ver\u00e4ndert.<\/p><p>\u00a0\u2026 Standpunkte \u2026 Sichtweisen \u2026 Werte \u2026 Freiheiten \u2026<\/p><p><strong>UND<\/strong> weil Achtsamkeit und MBSR so wertvoll sind, ist es mir ein Anliegen dies weiter zu geben.\u00a0 <strong><br \/>Ich w\u00fcrde mich freuen, wenn Sie dabei sind.<\/strong><\/p>\t\t\t\t\t\t\t\t<\/div>\n\t\t\t\t<\/div>\n\t\t\t\t\t<\/div>\n\t\t<\/div>\n\t\t\t\t\t<\/div>\n\t\t<\/section>\n\t\t\t\t<section class=\"elementor-section elementor-top-section elementor-element elementor-element-8ff8b88 elementor-section-boxed elementor-section-height-default elementor-section-height-default\" data-id=\"8ff8b88\" data-element_type=\"section\" data-e-type=\"section\">\n\t\t\t\t\t\t<div class=\"elementor-container elementor-column-gap-default\">\n\t\t\t\t\t<div class=\"elementor-column elementor-col-100 elementor-top-column elementor-element elementor-element-35f541a\" data-id=\"35f541a\" data-element_type=\"column\" data-e-type=\"column\">\n\t\t\t<div class=\"elementor-widget-wrap elementor-element-populated\">\n\t\t\t\t\t\t<div class=\"elementor-element elementor-element-a8cb341 elementor-widget-divider--view-line elementor-widget elementor-widget-divider\" data-id=\"a8cb341\" data-element_type=\"widget\" data-e-type=\"widget\" data-widget_type=\"divider.default\">\n\t\t\t\t<div class=\"elementor-widget-container\">\n\t\t\t\t\t\t\t<div class=\"elementor-divider\">\n\t\t\t<span class=\"elementor-divider-separator\">\n\t\t\t\t\t\t<\/span>\n\t\t<\/div>\n\t\t\t\t\t\t<\/div>\n\t\t\t\t<\/div>\n\t\t\t\t\t<\/div>\n\t\t<\/div>\n\t\t\t\t\t<\/div>\n\t\t<\/section>\n\t\t\t\t<section class=\"elementor-section elementor-top-section elementor-element elementor-element-e23cb8d elementor-section-boxed elementor-section-height-default elementor-section-height-default\" data-id=\"e23cb8d\" data-element_type=\"section\" data-e-type=\"section\">\n\t\t\t\t\t\t<div class=\"elementor-container elementor-column-gap-default\">\n\t\t\t\t\t<div class=\"elementor-column elementor-col-100 elementor-top-column elementor-element elementor-element-b4358f8\" data-id=\"b4358f8\" data-element_type=\"column\" data-e-type=\"column\">\n\t\t\t<div class=\"elementor-widget-wrap elementor-element-populated\">\n\t\t\t\t\t\t<div class=\"elementor-element elementor-element-f1def87 elementor-widget elementor-widget-heading\" data-id=\"f1def87\" data-element_type=\"widget\" data-e-type=\"widget\" data-widget_type=\"heading.default\">\n\t\t\t\t<div class=\"elementor-widget-container\">\n\t\t\t\t\t<h2 class=\"elementor-heading-title elementor-size-default\"><h2 class=\"elementor-heading-title elementor-size-default elementor-inline-editing pen\" data-elementor-setting-key=\"title\" data-pen-placeholder=\"Eingabe hier...\">TV Interview - Achtsamkeit<\/h2><\/h2>\t\t\t\t<\/div>\n\t\t\t\t<\/div>\n\t\t\t\t\t<\/div>\n\t\t<\/div>\n\t\t\t\t\t<\/div>\n\t\t<\/section>\n\t\t\t\t<section class=\"elementor-section elementor-top-section elementor-element elementor-element-38cc719 elementor-section-boxed elementor-section-height-default elementor-section-height-default\" data-id=\"38cc719\" data-element_type=\"section\" data-e-type=\"section\">\n\t\t\t\t\t\t<div class=\"elementor-container elementor-column-gap-default\">\n\t\t\t\t\t<div class=\"elementor-column elementor-col-100 elementor-top-column elementor-element elementor-element-da571e0\" data-id=\"da571e0\" data-element_type=\"column\" data-e-type=\"column\">\n\t\t\t<div class=\"elementor-widget-wrap elementor-element-populated\">\n\t\t\t\t\t\t<div class=\"elementor-element elementor-element-61d59ca elementor-widget elementor-widget-text-editor\" data-id=\"61d59ca\" data-element_type=\"widget\" data-e-type=\"widget\" data-widget_type=\"text-editor.default\">\n\t\t\t\t<div class=\"elementor-widget-container\">\n\t\t\t\t\t\t\t\t\t<p><span style=\"color: #0000ff;\">Hier finden Sie ein <strong>TV Interview<\/strong> mit Simone Cortellaro und mir zum Thema Achtsamkeit:<\/span><br \/><span style=\"color: #0000ff;\">(Klick auf das Bild \u00f6ffnet das Video auf Youtube)<\/span><\/p>\t\t\t\t\t\t\t\t<\/div>\n\t\t\t\t<\/div>\n\t\t\t\t\t<\/div>\n\t\t<\/div>\n\t\t\t\t\t<\/div>\n\t\t<\/section>\n\t\t\t\t<section class=\"elementor-section elementor-top-section elementor-element elementor-element-1ba1716 elementor-section-boxed elementor-section-height-default elementor-section-height-default\" data-id=\"1ba1716\" data-element_type=\"section\" data-e-type=\"section\">\n\t\t\t\t\t\t<div class=\"elementor-container elementor-column-gap-default\">\n\t\t\t\t\t<div class=\"elementor-column elementor-col-100 elementor-top-column elementor-element elementor-element-6457dfb\" data-id=\"6457dfb\" data-element_type=\"column\" data-e-type=\"column\">\n\t\t\t<div class=\"elementor-widget-wrap elementor-element-populated\">\n\t\t\t\t\t\t<div class=\"elementor-element elementor-element-f18d402 elementor-widget elementor-widget-image\" data-id=\"f18d402\" data-element_type=\"widget\" data-e-type=\"widget\" data-widget_type=\"image.default\">\n\t\t\t\t<div class=\"elementor-widget-container\">\n\t\t\t\t\t\t\t\t\t\t\t\t<figure class=\"wp-caption\">\n\t\t\t\t\t\t\t\t\t\t\t<a href=\"\">\n\t\t\t\t\t\t\t<img decoding=\"async\" width=\"640\" height=\"527\" src=\"https:\/\/achtsamkeit-erfahren.de\/wp-content\/uploads\/2019\/06\/TV2-768x632.png\" class=\"attachment-medium_large size-medium_large wp-image-76\" alt=\"\" srcset=\"https:\/\/achtsamkeit-erfahren.de\/wp-content\/uploads\/2019\/06\/TV2-768x632.png 768w, https:\/\/achtsamkeit-erfahren.de\/wp-content\/uploads\/2019\/06\/TV2-300x247.png 300w, https:\/\/achtsamkeit-erfahren.de\/wp-content\/uploads\/2019\/06\/TV2-1024x842.png 1024w, https:\/\/achtsamkeit-erfahren.de\/wp-content\/uploads\/2019\/06\/TV2.png 1368w\" sizes=\"(max-width: 640px) 100vw, 640px\" \/>\t\t\t\t\t\t\t\t<\/a>\n\t\t\t\t\t\t\t\t\t\t\t<figcaption class=\"widget-image-caption wp-caption-text\">TV Interview: Simone Cortellaro und Frank Hofmann<\/figcaption>\n\t\t\t\t\t\t\t\t\t\t<\/figure>\n\t\t\t\t\t\t\t\t\t<\/div>\n\t\t\t\t<\/div>\n\t\t\t\t\t<\/div>\n\t\t<\/div>\n\t\t\t\t\t<\/div>\n\t\t<\/section>\n\t\t\t\t<section class=\"elementor-section elementor-top-section elementor-element elementor-element-37864bb elementor-section-boxed elementor-section-height-default elementor-section-height-default\" data-id=\"37864bb\" data-element_type=\"section\" data-e-type=\"section\">\n\t\t\t\t\t\t<div class=\"elementor-container elementor-column-gap-default\">\n\t\t\t\t\t<div class=\"elementor-column elementor-col-100 elementor-top-column elementor-element elementor-element-6d40bc2\" data-id=\"6d40bc2\" data-element_type=\"column\" data-e-type=\"column\">\n\t\t\t<div class=\"elementor-widget-wrap elementor-element-populated\">\n\t\t\t\t\t\t<div class=\"elementor-element elementor-element-57bb1a2 elementor-widget-divider--view-line elementor-widget elementor-widget-divider\" data-id=\"57bb1a2\" data-element_type=\"widget\" data-e-type=\"widget\" data-widget_type=\"divider.default\">\n\t\t\t\t<div class=\"elementor-widget-container\">\n\t\t\t\t\t\t\t<div class=\"elementor-divider\">\n\t\t\t<span class=\"elementor-divider-separator\">\n\t\t\t\t\t\t<\/span>\n\t\t<\/div>\n\t\t\t\t\t\t<\/div>\n\t\t\t\t<\/div>\n\t\t\t\t\t<\/div>\n\t\t<\/div>\n\t\t\t\t\t<\/div>\n\t\t<\/section>\n\t\t\t\t<section class=\"elementor-section elementor-top-section elementor-element elementor-element-b70f721 elementor-section-boxed elementor-section-height-default elementor-section-height-default\" data-id=\"b70f721\" data-element_type=\"section\" data-e-type=\"section\">\n\t\t\t\t\t\t<div class=\"elementor-container elementor-column-gap-default\">\n\t\t\t\t\t<div class=\"elementor-column elementor-col-100 elementor-top-column elementor-element elementor-element-3ddb328\" data-id=\"3ddb328\" data-element_type=\"column\" data-e-type=\"column\">\n\t\t\t<div class=\"elementor-widget-wrap elementor-element-populated\">\n\t\t\t\t\t\t<div class=\"elementor-element elementor-element-d3a02d5 elementor-widget elementor-widget-image\" data-id=\"d3a02d5\" data-element_type=\"widget\" data-e-type=\"widget\" data-widget_type=\"image.default\">\n\t\t\t\t<div class=\"elementor-widget-container\">\n\t\t\t\t\t\t\t\t\t\t\t\t\t\t\t\t<a href=\"http:\/\/www.mbsr-verband.de\/\">\n\t\t\t\t\t\t\t<img decoding=\"async\" width=\"271\" height=\"118\" src=\"https:\/\/achtsamkeit-erfahren.de\/wp-content\/uploads\/2019\/06\/MBSR-Verband.jpg\" class=\"attachment-medium_large size-medium_large wp-image-80\" alt=\"\" \/>\t\t\t\t\t\t\t\t<\/a>\n\t\t\t\t\t\t\t\t\t\t\t\t\t\t\t<\/div>\n\t\t\t\t<\/div>\n\t\t\t\t\t<\/div>\n\t\t<\/div>\n\t\t\t\t\t<\/div>\n\t\t<\/section>\n\t\t\t\t<\/div>\n\t\t","protected":false},"excerpt":{"rendered":"<p>Frank Hofmann Ich stehe mitten imLeben: &#8211; Bin MBSR Lehrer (Ausbildung am Institut f\u00fcr Achtsamkeit und Stressbew\u00e4ltigung) &#8212; Bin Fachkraft f\u00fcr Betriebliches Gesundheitsmanagement (DEKRA) &#8211; Bin Fachkraft f\u00fcr Arbeitssicherheit\u00a0 &#8211; Habe &gt;20 Jahre als Entwicklungsingenieur (Dipl. Ing. Physikalische Technik) gearbeitet &#8211; Habe&hellip;<\/p>\n","protected":false},"author":1,"featured_media":0,"parent":0,"menu_order":0,"comment_status":"closed","ping_status":"closed","template":"","meta":{"footnotes":""},"class_list":["post-54","page","type-page","status-publish","hentry"],"aioseo_notices":[],"_links":{"self":[{"href":"https:\/\/achtsamkeit-erfahren.de\/index.php?rest_route=\/wp\/v2\/pages\/54","targetHints":{"allow":["GET"]}}],"collection":[{"href":"https:\/\/achtsamkeit-erfahren.de\/index.php?rest_route=\/wp\/v2\/pages"}],"about":[{"href":"https:\/\/achtsamkeit-erfahren.de\/index.php?rest_route=\/wp\/v2\/types\/page"}],"author":[{"embeddable":true,"href":"https:\/\/achtsamkeit-erfahren.de\/index.php?rest_route=\/wp\/v2\/users\/1"}],"replies":[{"embeddable":true,"href":"https:\/\/achtsamkeit-erfahren.de\/index.php?rest_route=%2Fwp%2Fv2%2Fcomments&post=54"}],"version-history":[{"count":11,"href":"https:\/\/achtsamkeit-erfahren.de\/index.php?rest_route=\/wp\/v2\/pages\/54\/revisions"}],"predecessor-version":[{"id":105,"href":"https:\/\/achtsamkeit-erfahren.de\/index.php?rest_route=\/wp\/v2\/pages\/54\/revisions\/105"}],"wp:attachment":[{"href":"https:\/\/achtsamkeit-erfahren.de\/index.php?rest_route=%2Fwp%2Fv2%2Fmedia&parent=54"}],"curies":[{"name":"wp","href":"https:\/\/api.w.org\/{rel}","templated":true}]}}